{"id":3,"date":"2022-03-08T13:56:46","date_gmt":"2022-03-08T10:56:46","guid":{"rendered":"http:\/\/rempro-wordpress.loc\/?page_id=3"},"modified":"2022-07-26T15:15:19","modified_gmt":"2022-07-26T12:15:19","slug":"privacy-policy","status":"publish","type":"page","link":"https:\/\/rem.lv\/lv\/privacy-policy\/","title":{"rendered":"SIA REM PRO PRIV\u0100TUMA POLITIKA"},"content":{"rendered":"<p><strong>I Visp\u0101r\u012bgie noteikumi<\/strong><br \/>\n1. SIA \u201cREM PRO\u201d (turpm\u0101k \u2013 Uz\u0146\u0113mums) ir arhitekt\u016bras un projekt\u0113\u0161anas uz\u0146\u0113mums.<br \/>\n2. Gad\u012bjumos, kad J\u016bs v\u0113laties k\u013c\u016bt par Uz\u0146\u0113muma darbinieku vai sadarb\u012bbas partneri, Uz\u0146\u0113mumam var rasties nepiecie\u0161am\u012bba apstr\u0101d\u0101t j\u016bsu personas datus. T\u0101d\u0101 gad\u012bjum\u0101 Uz\u0146\u0113mums darbojas k\u0101 datu P\u0101rzinis.<br \/>\n3. Uz\u0146\u0113mums ciena J\u016bsu priv\u0101tumu un ap\u0146emas to sarg\u0101t atbilsto\u0161i \u0161ai priv\u0101tuma politikai (turpm\u0101k \u2013 Priv\u0101tuma politika). \u0160\u012bs Priv\u0101tuma politikas m\u0113r\u0137is ir sniegt Jums inform\u0101ciju par to, k\u0101dam nol\u016bkam Uz\u0146\u0113mums ieg\u016bst personas datus, par datu apjomiem un datu apstr\u0101des termi\u0146iem, par datu aizsardz\u012bbu, k\u0101 ar\u012b inform\u0113t J\u016bs par J\u016bsu ties\u012bb\u0101m un pien\u0101kumiem.<br \/>\n4. Apstr\u0101d\u0101jot personas datus, Uz\u0146\u0113mums iev\u0113ro Latvijas Republikas sp\u0113k\u0101 eso\u0161os normat\u012bvos aktus, Eiropas Parlamenta un Padomes regulu (ES) 2016\/679 par fizisku personu aizsardz\u012bbu attiec\u012bb\u0101 uz personas datu apstr\u0101di un \u0161\u0101du datu br\u012bvu apriti, k\u0101 ar\u012b par Direkt\u012bvas 95\/46\/EK atcel\u0161anu (Visp\u0101r\u012bg\u0101 datu aizsardz\u012bbas regula) (turpm\u0101k \u2013 Regula), k\u0101 ar\u012b citus normat\u012bvos aktus priv\u0101tuma un personas datu apstr\u0101des jom\u0101.<br \/>\n5. Uz\u0146\u0113muma Priv\u0101tuma politika attiecas uz ikvienu fizisko personu, kuras personas datus apstr\u0101d\u0101 Uz\u0146\u0113mums un t\u0101 ir attiecin\u0101ma uz personas datu apstr\u0101di neatkar\u012bgi no t\u0101, k\u0101d\u0101 form\u0101 J\u016bs ir sniegusi personas datus: Uz\u0146\u0113muma interneta vietn\u0113 vai pap\u012bra veid\u0101.<\/p>\n<p><strong>II Datu p\u0101rzi\u0146a identit\u0101te un kontaktinform\u0101cija<\/strong><br \/>\n6. Datu p\u0101rzi\u0146a identit\u0101te un kontaktinform\u0101cija: Uz\u0146\u0113mums &#8211; SIA \u201cREM PRO\u201d, Re\u0123.Nr. 41503041904; birojs R\u012bg\u0101: Gr\u0113du iel\u0101 4A, R\u012bg\u0101, LV-1019; birojs Daugavpil\u012b: 18.Novembra iel\u0101 37A, Daugavpil\u012b, LV-5401, t\u0101lrunis: +37165421398, elektronisk\u0101 pasta adrese: info@rem.lv, t\u012bmek\u013ca vietnes adrese: www.rem.lv.<br \/>\n7. Sazi\u0146ai ar Uz\u0146\u0113muma atbild\u012bgo personu par personas datu aizsardz\u012bbu, l\u016bgums rakst\u012bt uz: info@rem.lv. Uz\u0146\u0113muma atbild\u012bg\u0101 persona par personas datu aizsardz\u012bbu var sniegt visp\u0101r\u012bgo inform\u0101ciju par Uz\u0146\u0113muma veikto personas datu apstr\u0101di \u0161\u012b priv\u0101tum\u0101 politikas ietvaros.<\/p>\n<p><strong>III Ja j\u016bs esat darba mekl\u0113t\u0101js<\/strong><br \/>\n8. Ja j\u016bs esat darba mekl\u0113t\u0101js un v\u0113laties pieteikties darbam Uz\u0146\u0113mum\u0101 saska\u0146\u0101 ar Uz\u0146\u0113muma public\u0113tu sludin\u0101jumu vai ar m\u0113r\u0137i, lai J\u016bsu CV uzskait\u012bja n\u0101kamaj\u0101m vakanc\u0113m, parasti m\u0113s l\u016bgsim j\u016bs ats\u016bt\u012bt pieteikuma (motiv\u0101cijas) v\u0113stuli, k\u0101 ar\u012b darba un izgl\u012bt\u012bbas aprakstu (CV) un kontaktinform\u0101ciju, lai var\u0113tu izv\u0113rt\u0113t j\u016bsu atbilst\u012bbu Uz\u0146\u0113muma vakancei. Atsevi\u0161\u0137os gad\u012bjumos m\u0113s varam l\u016bgt nor\u0101d\u012bt personas, kuras var sniegt par jums rekomend\u0101cijas. Sniedzot Personas datu inform\u0101ciju Uz\u0146\u0113mumam &#8211; J\u016bs k\u013c\u016bstat par Personas datu Subjektu).<br \/>\n9. Gad\u012bjumos, kad personas datu apstr\u0101de ir nepiecie\u0161ama, lai izskat\u012btu J\u016bsu kandidat\u016bru person\u0101la atlas\u0113 uz noteikto amatu, jums nav pien\u0101kuma sniegt inform\u0101ciju. Savuk\u0101rt, nesniedzot inform\u0101ciju par savu darba pieredzi vai izgl\u012bt\u012bbu un cit\u0101m prasm\u0113m, kas var b\u016bt noder\u012bgas darba veik\u0161an\u0101, mums var b\u016bt ierobe\u017eotas iesp\u0113jas j\u016bs nov\u0113rt\u0113t, t\u0101d\u0113\u013c m\u0113s visticam\u0101k neveiksim j\u016bsu kandidat\u016bras izv\u0113rt\u0113\u0161anu. Ja nesniegsiet savu kontaktinform\u0101ciju (e-pasta adrese vai t\u0101lru\u0146a numurs), m\u0113s nevar\u0113sim ar jums sazin\u0101ties.<br \/>\n10. J\u016bsu sniegt\u0101 inform\u0101cija tiks izmantota person\u0101la atlas\u0113, lai ar jums sazin\u0101tos, veiktu p\u0101rrunas vai sagatavotu nosl\u0113g\u0161anai darba l\u012bgumu, ja j\u016bsu kandidat\u016bra b\u016bs atbilsto\u0161a vakancei un j\u016bs piekrit\u012bsiet str\u0101d\u0101t Uz\u0146\u0113mum\u0101.<br \/>\n11. Ja darba l\u012bgums ar jums netiks nosl\u0113gts, j\u016bsu sniegtie personas dati tiks saglab\u0101ti l\u012bdz br\u012bdim, kam\u0113r tiks pabeigta darbinieka mekl\u0113\u0161ana konkr\u0113tai vakancei vai uz Uz\u0146\u0113muma ieskaitu tiek uzglab\u0101ta l\u012bdz 6 (se\u0161iem) m\u0113ne\u0161iem no dienas, kad kandid\u0101tam nos\u016bt\u012bts atteikums nodibin\u0101t ar vi\u0146u darba tiesisk\u0101s attiec\u012bbas .<br \/>\n12. Ja kandid\u0101ts, parakstot veidlapu Apliecin\u0101jums par darba interviju, ir piekritis, ka vi\u0146a Personas dati tiks apstr\u0101d\u0101ti, lai izv\u0113rt\u0113tu vi\u0146a kandidat\u016bru cit\u0101m vakanc\u0113m, vai sniedzis \u0161\u0101du piekri\u0161anu Uz\u0146\u0113muma t\u012bmek\u013cvietn\u0113 kandid\u0101ta pieteikuma nos\u016bt\u012b\u0161anas laik\u0101, tad kandid\u0101ta pieteikums un cita izv\u0113rt\u0113\u0161anas proces\u0101 ieg\u016bt\u0101 dokument\u0101cija (piem\u0113ram, testu rezult\u0101ti, parakst\u012bta veidlapa Apliecin\u0101jums par darba interviju, rakstiskas atsauksmes) tiek glab\u0101ta 2 (divus) gadus no vakances konkursa beig\u0101m.<br \/>\n13. J\u016bs vienm\u0113r varat ats\u016bt\u012bt mums savu pieteikuma v\u0113stuli un CV un l\u016bgt, lai m\u0113s sazin\u0101mies ar jums gad\u012bjumos, kad Uz\u0146\u0113mumam rodas br\u012bvas vakances, kas atbilst j\u016bsu mekl\u0113tajam amatam. \u0160\u0101dos gad\u012bjumos Uz\u0146\u0113mums glab\u0101s j\u016bsu datus &#8211; divus gadus vai l\u012bdz j\u016bsu piekri\u0161anas atsauk\u0161anai.<\/p>\n<p><strong>IV Apstr\u0101des juridiskais pamats, kam paredz\u0113ti personas dati un datu veidi<\/strong><br \/>\n14. Personas datu apstr\u0101des nol\u016bks &#8211; lai nodro\u0161in\u0101tu person\u0101la atlases konkursa norisi, atrastu lab\u0101kos specialistus Uz\u0146\u0113muma amatiem un savu tiesisko intere\u0161u nodro\u0161in\u0101\u0161ana, cikt\u0101l t\u0101s saist\u012bta ar person\u0101la atlasi:<br \/>\n1. V\u0101rds, uzv\u0101rds, dzimums, dzim\u0161anas dati, kontaktinform\u0101cija, darba pieredze, izgl\u012bt\u012bba (ieskaitot kursus un sertifik\u0101tus), valodu prasme, cita inform\u0101cija kuru J\u016bs v\u0113laties sniegt Uz\u0146\u0113mumam.<br \/>\n2. Sa\u0146emot J\u016bsu, k\u0101 pretendenta, CV (Motiv\u0101cijas v\u0113stuli) Uz\u0146\u0113mumam rodas tiesiska interese apstr\u0101d\u0101t J\u016bsu sa\u0146emto CV (Motiv\u0101cijas v\u0113stuli), izv\u0113rt\u0113jot taj\u0101 sniegto inform\u0101ciju, organiz\u0113jot p\u0101rrunu proced\u016bru, veicot p\u0101rrunas un nodro\u0161inoties ar pier\u0101d\u012bjumiem, kas pamato attiec\u012bg\u0101 procesa tiesisku norisi. Str\u012bdu gad\u012bjum\u0101 atlases proces\u0101 ieg\u016bt\u0101 inform\u0101cija var tikt izmantota, lai atspogu\u013cotu attiec\u012bg\u0101 procesa tiesisku norisi (Regulas 6. panta 1. punkta a), c) un f) apak\u0161punkti un Darba likums).<br \/>\n15. Tikai ar j\u016bsu piekri\u0161anu m\u0113s apstr\u0101d\u0101sim j\u016bsu datus t\u0101diem m\u0113r\u0137iem un nol\u016bkiem, kuriem nepast\u0101v cits tiesisks pamats, un tikai t\u0101d\u0101 apjom\u0101, k\u0101d\u0101 j\u016bs esat piekritis (k\u0101 piem\u0113ram, darba pied\u0101v\u0101jumu nos\u016bt\u012b\u0161ana, ja esat darba mekl\u0113t\u0101js).<br \/>\n16. M\u0113s vienm\u0113r apstr\u0101d\u0101jam datus minim\u0101l\u0101 apjom\u0101, lai sasniegtu datu apstr\u0101des m\u0113r\u0137i. M\u0113s nev\u0101cam un neapstr\u0101d\u0101jam datus, kas mums nav nepiecie\u0161ami m\u0113r\u0137a sasnieg\u0161anai. Iesniedzot mums datus p\u0113c savas iniciat\u012bvas, r\u016bp\u012bgi izv\u0113rt\u0113jiet sniegto datu apjomu. Nesniedziet mums datus par tre\u0161aj\u0101m person\u0101m, ja neesat p\u0101rliecin\u0101ts, ka jums ir ties\u012bbas veikt tre\u0161o personu datu apstr\u0101di.<br \/>\n17. Ja datu apstr\u0101de notiek uz j\u016bsu piekri\u0161anas pamata, j\u016bs varat katr\u0101 laik\u0101 atsaukt savu piekri\u0161anu, nos\u016btot rakstisku piepras\u012bjumu Uz\u0146\u0113mumam.<\/p>\n<p><strong>V Personas datu apstr\u0101de, aizsardz\u012bba un glab\u0101\u0161ana<\/strong><br \/>\n18. J\u016bsu personas datu aizsardz\u012bbai Uz\u0146\u0113mums izmanto da\u017e\u0101dus tehniskus un organizatoriskus dro\u0161\u012bbas pas\u0101kumus. J\u016bsu personas datus uzglab\u0101 dro\u0161i, un tie ir pieejami ierobe\u017eotam cilv\u0113ku skaitam un tikai pilnvarot\u0101m person\u0101m.<br \/>\n19. J\u016bsu personas datu sa\u0146\u0113m\u0113ji ir Uz\u0146\u0113mums un t\u0101s pilnvarot\u0101s personas, J\u016bs pats\/i, apstr\u0101d\u0101t\u0101ji, ties\u012bbsarg\u0101jo\u0161\u0101s vai uzraugo\u0161\u0101s iest\u0101des p\u0101rbaudes gad\u012bjum\u0101, k\u0101 ar\u012b tiesa normat\u012bvajos aktos noteiktajos gad\u012bjumos un k\u0101rt\u012bb\u0101.<br \/>\n20. Laikposms, cik ilgi personas dati tiks glab\u0101ti, vai, ja tas nav iesp\u0113jams, krit\u0113riji, ko izmanto min\u0113t\u0101 laikposma noteik\u0161anai:<br \/>\n1. Visa inform\u0101cija, kas ieg\u016bta person\u0101la atlasei tiek glab\u0101t\u0101 10.-12.punktos noteiktaj\u0101 laik\u0101, vai kam\u0113r Uz\u0146\u0113mumam past\u0101v juridisks pien\u0101kums datus glab\u0101t, vai l\u012bdz Personas datu subjekta pras\u012bbas sa\u0146em\u0161anas ar l\u016bgumu dz\u0113st personas datus.<br \/>\n2. P\u0113c tam, ja \u0161aj\u0101 punkt\u0101 min\u0113tie krit\u0113riji nav piem\u0113rojami, J\u016bsu personas dati tiek dz\u0113sti vai izn\u012bcin\u0101ti, vai nodoti glab\u0101\u0161anai valsts arh\u012bvam saska\u0146\u0101 ar normat\u012bvo aktu pras\u012bb\u0101m.<\/p>\n<p><strong>VI Personas datu subjekta ties\u012bbas<\/strong><br \/>\n21. M\u0113s inform\u0113jam j\u016bs, ka saska\u0146\u0101 ar Regulu Jums ir \u0161\u0101das ties\u012bbas:<br \/>\n1. sa\u0146emt normat\u012bvajos aktos noteikto inform\u0101ciju saist\u012bb\u0101 ar J\u016bsu personas datu apstr\u0101di vai apstr\u0101des ierobe\u017eo\u0161anu, vai ties\u012bbas iebilst pret apstr\u0101di (taj\u0101 skait\u0101 pret personas datu apstr\u0101di, kas veikta pamatojoties uz Uz\u0146\u0113muma le\u0123it\u012bmaj\u0101m interes\u0113m); ties\u012bbas noteiktos gad\u012bjumos piepras\u012bt j\u016bsu datu labo\u0161anu vai dz\u0113\u0161anu;<br \/>\n2. iesniegt piepras\u012bjumu par savu ties\u012bbu \u012bsteno\u0161anu rakstveida form\u0101. Dokumentus Uz\u0146\u0113mums pie\u0146em, izmantojot pastu, elektronisko pastu (ar dro\u0161u elektronisko parakstu parakst\u012btus dokumentus);<br \/>\n3. sa\u0146emt savus personas datus, ko J\u016bs esat sniedzis\/usi un kas tiek apstr\u0101d\u0101ti, rakstisk\u0101 form\u0101 vai k\u0101d\u0101 no bie\u017e\u0101k izmantotajiem elektroniskajiem form\u0101tiem.<br \/>\n22. Atbildi Jums Uz\u0146\u0113mums nos\u016bt\u012bs pa pastu uz J\u016bsu nor\u0101d\u012bto piepras\u012bjum\u0101 adresi vai uz J\u016bsu nor\u0101d\u012bto elektronisk\u0101 pasta adresi ar dro\u0161u elektronisko parakstu. Piev\u0113r\u0161am uzman\u012bbu, ka Uz\u0146\u0113mums sniegs atbildi tikai t\u0101m person\u0101m, kas iesniedza savus Personas datus Uz\u0146\u0113mumam. Gad\u012bjum\u0101 ja J\u016bs nekad nav sniegusi savus Personas datus Uz\u0146\u0113mumam, Uz\u0146\u0113mumam past\u0101v ties\u012bbas uzskat\u012bt pieteikumu par nepamatotu.<br \/>\n23. Uz\u0146\u0113mums nodro\u0161ina personas datu apstr\u0101des un aizsardz\u012bbas pras\u012bbu izpildi saska\u0146\u0101 ar normat\u012bvajiem aktiem. Gad\u012bjum\u0101, ja Jums ir pamatotas ba\u017eas par to, ka Uz\u0146\u0113mums veic J\u016bsu personas datu apstr\u0101di neatbilsto\u0161i normat\u012bvo aktu pras\u012bb\u0101m, Jums ir ties\u012bbas iesniegt par to pieteikumu ties\u0101.<\/p>\n<p><strong>VII Nosl\u0113guma jaut\u0101jums<\/strong><br \/>\n24. Uz\u0146\u0113mums ir ties\u012bgs veikt izmai\u0146as vai papildin\u0101jumus \u0161aj\u0101 Priv\u0101tuma politik\u0101, public\u0113jot Priv\u0101tuma politikas aktu\u0101lo versiju Uz\u0146\u0113muma t\u012bmek\u013ca vietnes adrese: www.rem.lv<\/p>\n<h2>S\u012aKDAT\u0145U POLITIKA<\/h2>\n<p>1. \u0160ie s\u012bkdat\u0146u izmanto\u0161anas noteikumi apraksta, k\u0101 SIA &#8221; REM PRO &#8220;, re\u0123istr\u0101cijas nr.: 41503041904 (turpm\u0101k \u2013 P\u0101rzinis), izmanto s\u012bkdatnes m\u0101jas lap\u0101 <a href=\"http:\/\/www.rem.lv\">www.rem.lv<\/a> (turpm\u0101k \u2013 Vietne).<\/p>\n<p>2. Interneta vietn\u0113 tiek v\u0101kti dati par Vietnes apmekl\u0113t\u0101jiem, t\u0101d\u0113j\u0101di g\u016bstot iesp\u0113ju Vietnes uztur\u0113t\u0101jam (P\u0101rzinim) izv\u0113rt\u0113t, cik noder\u012bga ir Vietne, un k\u0101 to var\u0113tu uzlabot.<\/p>\n<p>3. P\u0101rzi\u0146a adrese: birojs R\u012bg\u0101: Gr\u0113du iel\u0101 4A, R\u012bg\u0101, LV-1019; birojs Daugavpil\u012b: 18.Novembra iel\u0101 37A, Daugavpil\u012b, LV-5401, t\u0101lrunis: +37165421398, elektronisk\u0101 pasta adrese: <a href=\"mailto:info@rem.lv\">info@rem.lv<\/a>.<\/p>\n<p><strong>4. Kas ir s\u012bkdatnes?<\/strong><br \/>\n4.1. S\u012bkdatne (cookie) ir datu rindas, ko t\u012bmek\u013ca serveris s\u016bta p\u0101rl\u016bkprogramm\u0101.<br \/>\nJa p\u0101rl\u016bkprogramma n\u0101kotn\u0113 pieprasa objektu no t\u0101 pa\u0161a dom\u0113na, p\u0101rl\u016bkprogramma nos\u016bta to pa\u0161u datu rindu atpaka\u013c uz avota serveri.<br \/>\nDati tiek s\u016bt\u012bti no t\u012bmek\u013ca servera uz HTTP virsrakstu \u201cSet-\u0421ookie\u201d.<br \/>\nP\u0101rl\u016bkprogramma nos\u016bta s\u012bkdatnes atpaka\u013c uz serveri http virsrakst\u0101, ko sauc par s\u012bkdatniem.<br \/>\nInform\u0101cijas avots: <a href=\"https:\/\/www.cisco.com\/c\/en\/us\/support\/docs\/security\/web-security-appliance\/117925-technote-csc-00.html\" target=\"_blank\" rel=\"noopener\">https:\/\/www.cisco.com\/c\/en\/us\/support\/docs\/security\/web-security-appliance\/117925-technote-csc-00.html<\/a><br \/>\n4.2. Papildu inform\u0101ciju par s\u012bkdatn\u0113m, k\u0101 ar\u012b to dz\u0113\u0161anu un p\u0101rvald\u012b\u0161anu, var ieg\u016bt m\u0101jaslap\u0101 <a href=\"http:\/\/www.aboutcookies.org\" target=\"_blank\" rel=\"noopener\">www.aboutcookies.org<\/a>.<br \/>\n4.3. Jums ir ties\u012bbas jebkur\u0101 laik\u0101 manu\u0101li atsl\u0113gt s\u012bkdat\u0146u apstr\u0101des meh\u0101nisma lieto\u0161anu p\u0101rl\u016bkprogramm\u0101. Main\u012bt s\u012bkdat\u0146u iestat\u012bjumus vai t\u0101s dz\u0113st iesp\u0113jams interneta p\u0101rl\u016bkprogrammas iestat\u012bjumos.<br \/>\nPievienojam saites uz popul\u0101r\u0101ko p\u0101rl\u016bkprogrammu s\u012bkdat\u0146u p\u0101rvald\u012bbas inform\u0101cijas resursiem: <a href=\"https:\/\/support.mozilla.org\/en-US\/kb\/cookies-information-websites-store-on-your-computer\" target=\"_blank\" rel=\"noopener\">Firefox<\/a>, <a href=\"https:\/\/support.google.com\/chrome\/answer\/95647?hl=en\" target=\"_blank\" rel=\"noopener\">Chrome<\/a>, <a href=\"https:\/\/support.apple.com\/lv-lv\/guide\/safari\/sfri11471\/mac\" target=\"_blank\" rel=\"noopener\">Safari<\/a>, <a href=\"https:\/\/help.opera.com\/en\/latest\/web-preferences\/\" target=\"_blank\" rel=\"noopener\">Opera<\/a>, <a href=\"https:\/\/support.microsoft.com\/en-us\/help\/4468242\/microsoft-edge-browsing-data-and-privacy\" target=\"_blank\" rel=\"noopener\">Edge<\/a>, <a href=\"https:\/\/support.microsoft.com\/en-us\/help\/278835\/how-to-delete-cookie-files-in-internet-explorer%5bVV4\" target=\"_blank\" rel=\"noopener\">Explorer<\/a>.<\/p>\n<p><strong>5. Kam tiek izmantotas s\u012bkdatnes?<\/strong><br \/>\n5.1. P\u0101rzinis nemit\u012bgi pilnveido Vietni, ar m\u0113r\u0137i, uzlabot t\u0101s lieto\u0161anu, t\u0101p\u0113c P\u0101rzinim ir j\u0101zina, k\u0101da inform\u0101cija ir svar\u012bga Vietnes apmekl\u0113t\u0101jiem, cik bie\u017ei vi\u0146i \u0161o Vietni apmekl\u0113, k\u0101das ier\u012bces un p\u0101rl\u016bkprogrammu vi\u0146i izmanto, no k\u0101da re\u0123iona n\u0101k apmekl\u0113t\u0101ji, un k\u0101du saturu vislabpr\u0101t\u0101k lasa.<br \/>\n5.2. S\u012bkdatnes tiek izmantotas, lai atcer\u0113tos inform\u0101ciju par lietot\u0101ju, kur\u0161 ir apmekl\u0113jis t\u012bmek\u013ca vietni, lai n\u0101kotn\u0113 var\u0113tu r\u0101d\u012bt atbilsto\u0161u saturu. T\u0101s tiek izmantotas, lai saglab\u0101tu lietot\u0101ja sesiju (p\u0113c m\u0101jas lapas lieto\u0161anas s\u0101k\u0161anas un piere\u0123istr\u0113\u0161anas), t\u0101d\u0113\u013c lietot\u0101jam nevajag atk\u0101rtoti re\u0123istr\u0113ties katr\u0101 t\u012bmek\u013ca vietnes apmekl\u0113juma reiz\u0113. T\u0101s pal\u012bdz aizpild\u012bt veidlapas, atceras lietot\u0101ja izv\u0113l\u0113tos vietnes iestat\u012bjumus. T\u0101pat s\u012bkdatnes tiek izmantotas dro\u0161\u012bbas nol\u016bkos, proti, lai izsekotu jebk\u0101dus kr\u0101p\u0161anas vai nesankcion\u0113tas autentific\u0113\u0161an\u0101s m\u0113\u0123in\u0101jumus t\u012bmekl\u012b. K\u0101 ar\u012b t\u0101s tiek izmantotas, lai veidotu anon\u012bmu statistiku par apmekl\u0113t\u0101jiem, izsl\u0113dzot lietot\u0101ja personas identifik\u0101cijas datus (ar m\u0113r\u0137i uzraudz\u012bt apmekl\u0113t\u0101ju darb\u012bbas).<br \/>\n5.3. P\u0101rzinis izmanto sist\u0113mu Google Analytics, kas \u013cauj P\u0101rzinim analiz\u0113t, k\u0101 apmekl\u0113t\u0101ji izmanto Vietni. Par to, k\u0101 darbojas Google Analytics pamatprincipi, iesp\u0113jams uzzin\u0101t Google m\u0101jas lap\u0101 https:\/\/support.google.com\/analytics\/answer\/1012034?hl=lten&#038;ref_topic=6157800 (link is external). P\u0101rzinis izmanto sav\u0101ktos datus sav\u0101s tiesiskaj\u0101s interes\u0113s, lai uzlabotu izpratni par Vietnes apmekl\u0113t\u0101ju vajadz\u012bb\u0101m un uzlabotu pieejam\u012bbu P\u0101rzi\u0146a publiskotajai inform\u0101cijai. Apmekl\u0113t\u0101js jebkur\u0101 laik\u0101 var p\u0101rtraukt datu v\u0101k\u0161anu Google Analytics, k\u0101 tas ir aprakst\u012bts \u0161eit: https:\/\/tools.google.com\/dlpage\/gaoptout\/ (link is external).<br \/>\n5.4. Serveris, kur\u0101 izvietota Vietne, var re\u0123istr\u0113t apmekl\u0113t\u0101ja nos\u016bt\u012btos piepras\u012bjumus (izmantot\u0101 ier\u012bce, p\u0101rl\u016bkprogramma, IP adrese, piek\u013cuves datums un laiks). \u0160aj\u0101 punkt\u0101 min\u0113tie dati tiek izmantoti tehniskiem nol\u016bkiem: lai nodro\u0161in\u0101tu Vietnes pien\u0101c\u012bgu funkcion\u0113\u0161anu un dro\u0161\u012bbu un izmekl\u0113tu iesp\u0113jamos dro\u0161\u012bbas incidentus. \u0160aj\u0101 punkt\u0101 min\u0113to datu v\u0101k\u0161anas pamats ir P\u0101rzi\u0146a tiesisk\u0101 interese nodro\u0161in\u0101t Vietnes tehnisku pieejam\u012bbu un integrit\u0101ti.<\/p>\n<p><strong>6. K\u0101das s\u012bkdatnes m\u0113s izmantojam sav\u0101 t\u012bmek\u013ca vietn\u0113?<\/strong><br \/>\nM\u016bsu t\u012bmek\u013ca vietn\u0113 m\u0113s izmantojam triju veidu s\u012bkdatnes: Sesijas s\u012bkdatnes, past\u0101v\u012bg\u0101s s\u012bkdatnes un tre\u0161o personu s\u012bkdatnes. Lietot\u0101ja sesijas s\u012bkdatne (ar\u012b zin\u0101ma k\u0101 pagaidu s\u012bkdatne) saglab\u0101jas \u012bstermi\u0146a atmi\u0146\u0101, kam\u0113r lietot\u0101js lasa un p\u0101rl\u016bko t\u012bmek\u013ca vietni. T\u012bmek\u013ca p\u0101rl\u016bkprogrammas parasti dz\u0113\u0161 \u0161\u012bs sesijas s\u012bkdatnes, kad lietot\u0101js aizver p\u0101rl\u016bkprogrammu. Past\u0101v\u012bg\u0101s s\u012bkdatnes saglab\u0101sies ar\u012b p\u0113c lietot\u0101ja sesijas. T\u0101s tiek glab\u0101tas t\u012bmek\u013ca p\u0101rl\u016bkprogrammas s\u012bkdat\u0146u iestat\u012bjumos lietot\u0101ja noteikto maksim\u0101lo laiku. Tre\u0161o personu s\u012bkdatnes ir s\u012bkdatnes, kuru dom\u0113ns at\u0161\u0137iras no adreses lauk\u0101 nor\u0101d\u012bt\u0101 dom\u0113na; m\u0113s izmantojam \u0161\u0101du tre\u0161o personu s\u012bkdatnes: Google, Youtube, Facebook utt..<br \/>\nJa nav noteikts cit\u0101di, s\u012bkdatnes tiek glab\u0101tas, kam\u0113r tiek izpild\u012bta darb\u012bba, k\u0101dam nol\u016bkam t\u0101s v\u0101ktas, un p\u0113c tam t\u0101s tiek dz\u0113stas.<br \/>\nAr glab\u0101\u0161anas termi\u0146iem, pie\u0146emtajiem vietnes administr\u0113\u0161an\u0101 attiec\u012bb\u0101 uz s\u012bkdatn\u012bt\u0113m, Lietot\u0101js var iepaz\u012bties \u0161eit: https:\/\/ru.wordpress.org\/about\/privacy\/cookies\/<\/p>\n<p>7. Statistikas datiem par Vietnes apmekl\u0113t\u0101jiem var piek\u013c\u016bt tikai tie P\u0101rzi\u0146a darbinieki, kuri ir atbild\u012bgi par t\u0101du datu anal\u012bzi.<\/p>\n<p>8. P\u0101rzinis apliecina, ka s\u012bkdatnes un statistikas inform\u0101cija tiks apkopota, apstr\u0101d\u0101ta un glab\u0101ta saska\u0146\u0101 ar Eiropas Savien\u012bbas normat\u012bvo aktu pras\u012bb\u0101m, tai skait\u0101 2016. gada 27. apr\u012b\u013ca Eiropas Parlamenta un ES Padomes Personas datu aizsardz\u012bbas regulu Nr. 2016\/679;<br \/>\nSaska\u0146\u0101 ar Eiropas Parlamenta un Padomes 2018.gada 11 decembra Derekt\u012bvu 2018\/1972 par Eiropas Elektronisko sakaru kodeksa noteik\u0161anu; saska\u0146\u0101 ar 2009.gada 25.novembra Derekt\u012bvu 2009\/136\/ES par elektronisko konfidencialit\u0101ti.<\/p>\n<p>9. P\u0101rzinis patur ties\u012bbas jebkur\u0101 br\u012bd\u012b main\u012bt \u0161os noteikumus. Vietnes apmekl\u0113t\u0101ja pien\u0101kums ir patst\u0101v\u012bgi p\u0101rbaud\u012bt Vietnes saturu, lai iepaz\u012btos ar noteikumu izmai\u0146\u0101m.<\/p>\n<p>10. S\u012bkdat\u0146u politikas redakcijas datums \u2013 2022 gada 22.j\u016bnij\u0101.<\/p>\n","protected":false},"excerpt":{"rendered":"<p>I Visp\u0101r\u012bgie noteikumi 1. SIA \u201cREM PRO\u201d (turpm\u0101k \u2013 Uz\u0146\u0113mums) ir arhitekt\u016bras un projekt\u0113\u0161anas uz\u0146\u0113mums. 2. Gad\u012bjumos, kad J\u016bs v\u0113laties k\u013c\u016bt par Uz\u0146\u0113muma darbinieku vai sadarb\u012bbas partneri, Uz\u0146\u0113mumam var rasties nepiecie\u0161am\u012bba apstr\u0101d\u0101t j\u016bsu personas datus. T\u0101d\u0101 gad\u012bjum\u0101 Uz\u0146\u0113mums darbojas k\u0101 datu P\u0101rzinis. 3. Uz\u0146\u0113mums ciena J\u016bsu priv\u0101tumu un ap\u0146emas to sarg\u0101t atbilsto\u0161i \u0161ai priv\u0101tuma politikai &hellip; <\/p>\n<p class=\"link-more\"><a href=\"https:\/\/rem.lv\/lv\/privacy-policy\/\" class=\"more-link\">Turpin\u0101t las\u012bt<span class=\"screen-reader-text\"> &#8220;SIA REM PRO PRIV\u0100TUMA POLITIKA&#8221;<\/span><\/a><\/p>\n","protected":false},"author":1,"featured_media":0,"parent":0,"menu_order":0,"comment_status":"closed","ping_status":"closed","template":"","meta":{"_acf_changed":false,"_sitemap_exclude":false,"_sitemap_priority":"","_sitemap_frequency":"","footnotes":""},"class_list":["post-3","page","type-page","status-publish","hentry","entry"],"acf":[],"_links":{"self":[{"href":"https:\/\/rem.lv\/lv\/wp-json\/wp\/v2\/pages\/3","targetHints":{"allow":["GET"]}}],"collection":[{"href":"https:\/\/rem.lv\/lv\/wp-json\/wp\/v2\/pages"}],"about":[{"href":"https:\/\/rem.lv\/lv\/wp-json\/wp\/v2\/types\/page"}],"author":[{"embeddable":true,"href":"https:\/\/rem.lv\/lv\/wp-json\/wp\/v2\/users\/1"}],"replies":[{"embeddable":true,"href":"https:\/\/rem.lv\/lv\/wp-json\/wp\/v2\/comments?post=3"}],"version-history":[{"count":15,"href":"https:\/\/rem.lv\/lv\/wp-json\/wp\/v2\/pages\/3\/revisions"}],"predecessor-version":[{"id":1979,"href":"https:\/\/rem.lv\/lv\/wp-json\/wp\/v2\/pages\/3\/revisions\/1979"}],"wp:attachment":[{"href":"https:\/\/rem.lv\/lv\/wp-json\/wp\/v2\/media?parent=3"}],"curies":[{"name":"wp","href":"https:\/\/api.w.org\/{rel}","templated":true}]}}